{"id":16,"date":"2021-11-02T18:36:37","date_gmt":"2021-11-02T17:36:37","guid":{"rendered":"http:\/\/mecaperfpassion.fr\/?page_id=16"},"modified":"2022-10-17T17:38:19","modified_gmt":"2022-10-17T15:38:19","slug":"creez-votre-site-avec-des-blocs","status":"publish","type":"page","link":"https:\/\/mecaperfpassion.fr\/?page_id=16","title":{"rendered":"Pr\u00e9paration 4&#215;4"},"content":{"rendered":"<div data-colibri-id=\"16-c1\" class=\"style-230 style-local-16-c1 position-relative\">\n  <!---->\n  <div data-colibri-component=\"section\" data-colibri-id=\"16-c9\" id=\"custom\" class=\"h-section h-section-global-spacing d-flex align-items-lg-center align-items-md-center align-items-center style-304 style-local-16-c9 position-relative\">\n    <!---->\n    <!---->\n    <div class=\"h-section-grid-container h-section-boxed-container\">\n      <!---->\n      <div data-colibri-id=\"16-c19\" class=\"h-row-container gutters-row-lg-2 gutters-row-md-2 gutters-row-0 gutters-row-v-lg-2 gutters-row-v-md-2 gutters-row-v-2 style-314 style-local-16-c19 position-relative\">\n        <!---->\n        <div class=\"h-row justify-content-lg-center justify-content-md-center justify-content-center align-items-lg-stretch align-items-md-stretch align-items-stretch gutters-col-lg-2 gutters-col-md-2 gutters-col-0 gutters-col-v-lg-2 gutters-col-v-md-2 gutters-col-v-2\">\n          <!---->\n          <div class=\"h-column h-column-container d-flex h-col-lg-auto h-col-md-auto h-col-auto style-315-outer style-local-16-c20-outer\">\n            <div data-colibri-id=\"16-c20\" class=\"d-flex h-flex-basis h-column__inner h-px-lg-2 h-px-md-2 h-px-2 v-inner-lg-2 v-inner-md-2 v-inner-2 style-315 style-local-16-c20 position-relative\">\n              <!---->\n              <!---->\n              <div class=\"w-100 h-y-container h-column__content h-column__v-align flex-basis-100 align-self-lg-start align-self-md-start align-self-start\">\n                <!---->\n                <div data-colibri-id=\"16-c21\" class=\"d-block style-316 style-local-16-c21 position-relative h-element\">\n                  <!---->\n                  <div class=\"h-image__frame-container-outer\">\n                    <div class=\"h-image__frame-container\">\n                      <!---->\n                      <!---->\n                      <img decoding=\"async\" loading=\"lazy\" width=\"2560\" height=\"1182\" src=\"https:\/\/mecaperfpassion.fr\/wp-content\/uploads\/2021\/11\/4x4-scaled.jpg\" class=\"wp-image-137 style-316-image style-local-16-c21-image\" srcset=\"https:\/\/mecaperfpassion.fr\/wp-content\/uploads\/2021\/11\/4x4-scaled.jpg 2560w, https:\/\/mecaperfpassion.fr\/wp-content\/uploads\/2021\/11\/4x4-300x139.jpg 300w, https:\/\/mecaperfpassion.fr\/wp-content\/uploads\/2021\/11\/4x4-1024x473.jpg 1024w, https:\/\/mecaperfpassion.fr\/wp-content\/uploads\/2021\/11\/4x4-768x355.jpg 768w, https:\/\/mecaperfpassion.fr\/wp-content\/uploads\/2021\/11\/4x4-1536x709.jpg 1536w, https:\/\/mecaperfpassion.fr\/wp-content\/uploads\/2021\/11\/4x4-2048x946.jpg 2048w\" sizes=\"(max-width: 2560px) 100vw, 2560px\" alt=\"\" \/>\n                      <div class=\"h-image__frame h-hide-lg h-hide-md h-hide-sm style-316-frameImage style-local-16-c21-frameImage\"><\/div>\n                    <\/div>\n                    <div class=\"style-316-caption style-local-16-c21-caption\">\n                      Pr\u00e9paration 4&#215;4 toutes marques &#8230;\n                    <\/div>\n                  <\/div>\n                <\/div>\n              <\/div>\n            <\/div>\n          <\/div>\n        <\/div>\n      <\/div>\n      <div data-colibri-id=\"16-c10\" class=\"h-row-container gutters-row-lg-2 gutters-row-md-2 gutters-row-0 gutters-row-v-lg-2 gutters-row-v-md-2 gutters-row-v-2 style-305 style-local-16-c10 position-relative\">\n        <!---->\n        <div class=\"h-row justify-content-lg-center justify-content-md-center justify-content-center align-items-lg-stretch align-items-md-stretch align-items-stretch gutters-col-lg-2 gutters-col-md-2 gutters-col-0 gutters-col-v-lg-2 gutters-col-v-md-2 gutters-col-v-2\">\n          <!---->\n          <div class=\"h-column h-column-container d-flex h-col-lg-auto h-col-md-auto h-col-auto style-306-outer style-local-16-c11-outer\">\n            <div data-colibri-id=\"16-c11\" class=\"d-flex h-flex-basis h-column__inner h-px-lg-2 h-px-md-2 h-px-2 v-inner-lg-2 v-inner-md-2 v-inner-2 style-306 style-local-16-c11 position-relative\">\n              <!---->\n              <!---->\n              <div class=\"w-100 h-y-container h-column__content h-column__v-align flex-basis-100 align-self-lg-start align-self-md-start align-self-start\">\n                <!---->\n                <div data-colibri-id=\"16-c22\" class=\"d-block style-317 style-local-16-c22 position-relative h-element\">\n                  <!---->\n                  <div class=\"h-image__frame-container-outer\">\n                    <div class=\"h-image__frame-container\">\n                      <!---->\n                      <!---->\n                      <img decoding=\"async\" loading=\"lazy\" width=\"2560\" height=\"1182\" src=\"https:\/\/mecaperfpassion.fr\/wp-content\/uploads\/2021\/11\/kzj1-1-scaled.jpg\" class=\"wp-image-150 style-317-image style-local-16-c22-image\" srcset=\"https:\/\/mecaperfpassion.fr\/wp-content\/uploads\/2021\/11\/kzj1-1-scaled.jpg 2560w, https:\/\/mecaperfpassion.fr\/wp-content\/uploads\/2021\/11\/kzj1-1-300x139.jpg 300w, https:\/\/mecaperfpassion.fr\/wp-content\/uploads\/2021\/11\/kzj1-1-1024x473.jpg 1024w, https:\/\/mecaperfpassion.fr\/wp-content\/uploads\/2021\/11\/kzj1-1-768x355.jpg 768w, https:\/\/mecaperfpassion.fr\/wp-content\/uploads\/2021\/11\/kzj1-1-1536x709.jpg 1536w, https:\/\/mecaperfpassion.fr\/wp-content\/uploads\/2021\/11\/kzj1-1-2048x946.jpg 2048w\" sizes=\"(max-width: 2560px) 100vw, 2560px\" alt=\"\" \/>\n                      <div class=\"h-image__frame h-hide-lg h-hide-md h-hide-sm style-317-frameImage style-local-16-c22-frameImage\"><\/div>\n                    <\/div>\n                    <div class=\"style-317-caption style-local-16-c22-caption\">\n                      Kit r\u00e9hausse, parechocs acier sur mesure\n                    <\/div>\n                  <\/div>\n                <\/div>\n              <\/div>\n            <\/div>\n          <\/div>\n          <div class=\"h-column h-column-container d-flex h-col-lg-auto h-col-md-auto h-col-auto style-307-outer style-local-16-c12-outer\">\n            <div data-colibri-id=\"16-c12\" class=\"d-flex h-flex-basis h-column__inner h-px-lg-2 h-px-md-2 h-px-2 v-inner-lg-2 v-inner-md-2 v-inner-2 style-307 style-local-16-c12 position-relative\">\n              <!---->\n              <!---->\n              <div class=\"w-100 h-y-container h-column__content h-column__v-align flex-basis-100 align-self-lg-start align-self-md-start align-self-start\">\n                <!---->\n                <div data-colibri-id=\"16-c23\" class=\"d-block style-318 style-local-16-c23 position-relative h-element\">\n                  <!---->\n                  <div class=\"h-image__frame-container-outer\">\n                    <div class=\"h-image__frame-container\">\n                      <!---->\n                      <!---->\n                      <img decoding=\"async\" loading=\"lazy\" width=\"2560\" height=\"1182\" src=\"https:\/\/mecaperfpassion.fr\/wp-content\/uploads\/2021\/11\/kzj2-scaled.jpg\" class=\"wp-image-141 style-318-image style-local-16-c23-image\" srcset=\"https:\/\/mecaperfpassion.fr\/wp-content\/uploads\/2021\/11\/kzj2-scaled.jpg 2560w, https:\/\/mecaperfpassion.fr\/wp-content\/uploads\/2021\/11\/kzj2-300x139.jpg 300w, https:\/\/mecaperfpassion.fr\/wp-content\/uploads\/2021\/11\/kzj2-1024x473.jpg 1024w, https:\/\/mecaperfpassion.fr\/wp-content\/uploads\/2021\/11\/kzj2-768x355.jpg 768w, https:\/\/mecaperfpassion.fr\/wp-content\/uploads\/2021\/11\/kzj2-1536x709.jpg 1536w, https:\/\/mecaperfpassion.fr\/wp-content\/uploads\/2021\/11\/kzj2-2048x946.jpg 2048w\" sizes=\"(max-width: 2560px) 100vw, 2560px\" alt=\"\" \/>\n                      <div class=\"h-image__frame h-hide-lg h-hide-md h-hide-sm style-318-frameImage style-local-16-c23-frameImage\"><\/div>\n                    <\/div>\n                    <div class=\"style-318-caption style-local-16-c23-caption\">\n                      Jantes \u00e0 d\u00e9ports\n                    <\/div>\n                  <\/div>\n                <\/div>\n              <\/div>\n            <\/div>\n          <\/div>\n        <\/div>\n      <\/div>\n      <div data-colibri-id=\"16-c13\" class=\"h-row-container gutters-row-lg-2 gutters-row-md-2 gutters-row-0 gutters-row-v-lg-2 gutters-row-v-md-2 gutters-row-v-2 style-308 style-local-16-c13 position-relative\">\n        <!---->\n        <div class=\"h-row justify-content-lg-center justify-content-md-center justify-content-center align-items-lg-stretch align-items-md-stretch align-items-stretch gutters-col-lg-2 gutters-col-md-2 gutters-col-0 gutters-col-v-lg-2 gutters-col-v-md-2 gutters-col-v-2\">\n          <!---->\n          <div class=\"h-column h-column-container d-flex h-col-lg-auto h-col-md-auto h-col-auto style-309-outer style-local-16-c14-outer\">\n            <div data-colibri-id=\"16-c14\" class=\"d-flex h-flex-basis h-column__inner h-px-lg-2 h-px-md-2 h-px-2 v-inner-lg-2 v-inner-md-2 v-inner-2 style-309 style-local-16-c14 position-relative\">\n              <!---->\n              <!---->\n              <div class=\"w-100 h-y-container h-column__content h-column__v-align flex-basis-100 align-self-lg-start align-self-md-start align-self-start\">\n                <!---->\n                <div data-colibri-id=\"16-c24\" class=\"d-block style-319 style-local-16-c24 position-relative h-element\">\n                  <!---->\n                  <div class=\"h-image__frame-container-outer\">\n                    <div class=\"h-image__frame-container\">\n                      <!---->\n                      <!---->\n                      <img decoding=\"async\" loading=\"lazy\" width=\"2560\" height=\"1182\" src=\"https:\/\/mecaperfpassion.fr\/wp-content\/uploads\/2021\/11\/path1-scaled.jpg\" class=\"wp-image-162 style-319-image style-local-16-c24-image\" srcset=\"https:\/\/mecaperfpassion.fr\/wp-content\/uploads\/2021\/11\/path1-scaled.jpg 2560w, https:\/\/mecaperfpassion.fr\/wp-content\/uploads\/2021\/11\/path1-300x139.jpg 300w, https:\/\/mecaperfpassion.fr\/wp-content\/uploads\/2021\/11\/path1-1024x473.jpg 1024w, https:\/\/mecaperfpassion.fr\/wp-content\/uploads\/2021\/11\/path1-768x355.jpg 768w, https:\/\/mecaperfpassion.fr\/wp-content\/uploads\/2021\/11\/path1-1536x709.jpg 1536w, https:\/\/mecaperfpassion.fr\/wp-content\/uploads\/2021\/11\/path1-2048x946.jpg 2048w\" sizes=\"(max-width: 2560px) 100vw, 2560px\" alt=\"\" \/>\n                      <div class=\"h-image__frame h-hide-lg h-hide-md h-hide-sm style-319-frameImage style-local-16-c24-frameImage\"><\/div>\n                    <\/div>\n                    <div class=\"style-319-caption style-local-16-c24-caption\">\n                      Kit r\u00e9hausse + pneus A\/T\n                    <\/div>\n                  <\/div>\n                <\/div>\n              <\/div>\n            <\/div>\n          <\/div>\n          <div class=\"h-column h-column-container d-flex h-col-lg-auto h-col-md-auto h-col-auto style-310-outer style-local-16-c15-outer\">\n            <div data-colibri-id=\"16-c15\" class=\"d-flex h-flex-basis h-column__inner h-px-lg-2 h-px-md-2 h-px-2 v-inner-lg-2 v-inner-md-2 v-inner-2 style-310 style-local-16-c15 position-relative\">\n              <!---->\n              <!---->\n              <div class=\"w-100 h-y-container h-column__content h-column__v-align flex-basis-100 align-self-lg-start align-self-md-start align-self-start\">\n                <!---->\n                <div data-colibri-id=\"16-c25\" class=\"d-block style-320 style-local-16-c25 position-relative h-element\">\n                  <!---->\n                  <div class=\"h-image__frame-container-outer\">\n                    <div class=\"h-image__frame-container\">\n                      <!---->\n                      <!---->\n                      <img decoding=\"async\" loading=\"lazy\" width=\"2560\" height=\"1182\" src=\"https:\/\/mecaperfpassion.fr\/wp-content\/uploads\/2021\/11\/path-galerie-scaled.jpg\" class=\"wp-image-164 style-320-image style-local-16-c25-image\" srcset=\"https:\/\/mecaperfpassion.fr\/wp-content\/uploads\/2021\/11\/path-galerie-scaled.jpg 2560w, https:\/\/mecaperfpassion.fr\/wp-content\/uploads\/2021\/11\/path-galerie-300x139.jpg 300w, https:\/\/mecaperfpassion.fr\/wp-content\/uploads\/2021\/11\/path-galerie-1024x473.jpg 1024w, https:\/\/mecaperfpassion.fr\/wp-content\/uploads\/2021\/11\/path-galerie-768x355.jpg 768w, https:\/\/mecaperfpassion.fr\/wp-content\/uploads\/2021\/11\/path-galerie-1536x709.jpg 1536w, https:\/\/mecaperfpassion.fr\/wp-content\/uploads\/2021\/11\/path-galerie-2048x946.jpg 2048w\" sizes=\"(max-width: 2560px) 100vw, 2560px\" alt=\"\" \/>\n                      <div class=\"h-image__frame h-hide-lg h-hide-md h-hide-sm style-320-frameImage style-local-16-c25-frameImage\"><\/div>\n                    <\/div>\n                    <div class=\"style-320-caption style-local-16-c25-caption\">\n                      Fabrication Galerie sur mesure\n                    <\/div>\n                  <\/div>\n                <\/div>\n              <\/div>\n            <\/div>\n          <\/div>\n        <\/div>\n      <\/div>\n      <div data-colibri-id=\"16-c16\" class=\"h-row-container gutters-row-lg-2 gutters-row-md-2 gutters-row-0 gutters-row-v-lg-2 gutters-row-v-md-2 gutters-row-v-2 style-311 style-local-16-c16 position-relative\">\n        <!---->\n        <div class=\"h-row justify-content-lg-center justify-content-md-center justify-content-center align-items-lg-stretch align-items-md-stretch align-items-stretch gutters-col-lg-2 gutters-col-md-2 gutters-col-0 gutters-col-v-lg-2 gutters-col-v-md-2 gutters-col-v-2\">\n          <!---->\n          <div class=\"h-column h-column-container d-flex h-col-lg-auto h-col-md-auto h-col-auto style-312-outer style-local-16-c17-outer\">\n            <div data-colibri-id=\"16-c17\" class=\"d-flex h-flex-basis h-column__inner h-px-lg-2 h-px-md-2 h-px-2 v-inner-lg-2 v-inner-md-2 v-inner-2 style-312 style-local-16-c17 position-relative\">\n              <!---->\n              <!---->\n              <div class=\"w-100 h-y-container h-column__content h-column__v-align flex-basis-100 align-self-lg-start align-self-md-start align-self-start\">\n                <!---->\n                <div data-colibri-id=\"16-c26\" class=\"d-block style-321 style-local-16-c26 position-relative h-element\">\n                  <!---->\n                  <div class=\"h-image__frame-container-outer\">\n                    <div class=\"h-image__frame-container\">\n                      <!---->\n                      <!---->\n                      <img decoding=\"async\" loading=\"lazy\" width=\"1871\" height=\"1182\" src=\"https:\/\/mecaperfpassion.fr\/wp-content\/uploads\/2021\/11\/cropped-cropped-Paysage-Navara-scaled-1.jpg\" class=\"wp-image-408 style-321-image style-local-16-c26-image\" srcset=\"https:\/\/mecaperfpassion.fr\/wp-content\/uploads\/2021\/11\/cropped-cropped-Paysage-Navara-scaled-1.jpg 1871w, https:\/\/mecaperfpassion.fr\/wp-content\/uploads\/2021\/11\/cropped-cropped-Paysage-Navara-scaled-1-300x190.jpg 300w, https:\/\/mecaperfpassion.fr\/wp-content\/uploads\/2021\/11\/cropped-cropped-Paysage-Navara-scaled-1-1024x647.jpg 1024w, https:\/\/mecaperfpassion.fr\/wp-content\/uploads\/2021\/11\/cropped-cropped-Paysage-Navara-scaled-1-768x485.jpg 768w, https:\/\/mecaperfpassion.fr\/wp-content\/uploads\/2021\/11\/cropped-cropped-Paysage-Navara-scaled-1-1536x970.jpg 1536w\" sizes=\"(max-width: 1871px) 100vw, 1871px\" alt=\"\" \/>\n                      <div class=\"h-image__frame h-hide-lg h-hide-md h-hide-sm style-321-frameImage style-local-16-c26-frameImage\"><\/div>\n                    <\/div>\n                    <div class=\"style-321-caption style-local-16-c26-caption\">\n                      Kit r\u00e9hausse, hard top sur mesure\n                    <\/div>\n                  <\/div>\n                <\/div>\n              <\/div>\n            <\/div>\n          <\/div>\n          <div class=\"h-column h-column-container d-flex h-col-lg-auto h-col-md-auto h-col-auto style-313-outer style-local-16-c18-outer\">\n            <div data-colibri-id=\"16-c18\" class=\"d-flex h-flex-basis h-column__inner h-px-lg-2 h-px-md-2 h-px-2 v-inner-lg-2 v-inner-md-2 v-inner-2 style-313 style-local-16-c18 position-relative\">\n              <!---->\n              <!---->\n              <div class=\"w-100 h-y-container h-column__content h-column__v-align flex-basis-100 align-self-lg-start align-self-md-start align-self-start\">\n                <!---->\n                <div data-colibri-id=\"16-c27\" class=\"d-block style-322 style-local-16-c27 position-relative h-element\">\n                  <!---->\n                  <div class=\"h-image__frame-container-outer\">\n                    <div class=\"h-image__frame-container\">\n                      <!---->\n                      <!---->\n                      <img decoding=\"async\" loading=\"lazy\" width=\"1182\" height=\"1182\" src=\"https:\/\/mecaperfpassion.fr\/wp-content\/uploads\/2021\/11\/cropped-path2-scaled-1.jpg\" class=\"wp-image-409 style-322-image style-local-16-c27-image\" srcset=\"https:\/\/mecaperfpassion.fr\/wp-content\/uploads\/2021\/11\/cropped-path2-scaled-1.jpg 1182w, https:\/\/mecaperfpassion.fr\/wp-content\/uploads\/2021\/11\/cropped-path2-scaled-1-300x300.jpg 300w, https:\/\/mecaperfpassion.fr\/wp-content\/uploads\/2021\/11\/cropped-path2-scaled-1-1024x1024.jpg 1024w, https:\/\/mecaperfpassion.fr\/wp-content\/uploads\/2021\/11\/cropped-path2-scaled-1-150x150.jpg 150w, https:\/\/mecaperfpassion.fr\/wp-content\/uploads\/2021\/11\/cropped-path2-scaled-1-768x768.jpg 768w\" sizes=\"(max-width: 1182px) 100vw, 1182px\" alt=\"\" \/>\n                      <div class=\"h-image__frame h-hide-lg h-hide-md h-hide-sm style-322-frameImage style-local-16-c27-frameImage\"><\/div>\n                    <\/div>\n                    <div class=\"style-322-caption style-local-16-c27-caption\">\n                      pr\u00e9paration compl\u00e8te RAID\n                    <\/div>\n                  <\/div>\n                <\/div>\n              <\/div>\n            <\/div>\n          <\/div>\n        <\/div>\n      <\/div>\n    <\/div>\n  <\/div>\n<\/div>","protected":false},"excerpt":{"rendered":"<p>Pr\u00e9paration 4&#215;4 toutes marques &#8230; Kit r\u00e9hausse, parechocs acier sur mesure Jantes \u00e0 d\u00e9ports Kit r\u00e9hausse + pneus A\/T Fabrication Galerie sur mesure Kit r\u00e9hausse, hard top sur mesure pr\u00e9paration compl\u00e8te RAID<\/p>\n","protected":false},"author":1,"featured_media":137,"parent":0,"menu_order":0,"comment_status":"closed","ping_status":"closed","template":"page-templates\/full-width-page.php","meta":{"footnotes":""},"_links":{"self":[{"href":"https:\/\/mecaperfpassion.fr\/index.php?rest_route=\/wp\/v2\/pages\/16"}],"collection":[{"href":"https:\/\/mecaperfpassion.fr\/index.php?rest_route=\/wp\/v2\/pages"}],"about":[{"href":"https:\/\/mecaperfpassion.fr\/index.php?rest_route=\/wp\/v2\/types\/page"}],"author":[{"embeddable":true,"href":"https:\/\/mecaperfpassion.fr\/index.php?rest_route=\/wp\/v2\/users\/1"}],"replies":[{"embeddable":true,"href":"https:\/\/mecaperfpassion.fr\/index.php?rest_route=%2Fwp%2Fv2%2Fcomments&post=16"}],"version-history":[{"count":7,"href":"https:\/\/mecaperfpassion.fr\/index.php?rest_route=\/wp\/v2\/pages\/16\/revisions"}],"predecessor-version":[{"id":418,"href":"https:\/\/mecaperfpassion.fr\/index.php?rest_route=\/wp\/v2\/pages\/16\/revisions\/418"}],"wp:featuredmedia":[{"embeddable":true,"href":"https:\/\/mecaperfpassion.fr\/index.php?rest_route=\/wp\/v2\/media\/137"}],"wp:attachment":[{"href":"https:\/\/mecaperfpassion.fr\/index.php?rest_route=%2Fwp%2Fv2%2Fmedia&parent=16"}],"curies":[{"name":"wp","href":"https:\/\/api.w.org\/{rel}","templated":true}]}}