{"id":6,"date":"2021-11-02T18:36:37","date_gmt":"2021-11-02T17:36:37","guid":{"rendered":"http:\/\/mecaperfpassion.fr\/?page_id=6"},"modified":"2022-10-17T17:50:42","modified_gmt":"2022-10-17T15:50:42","slug":"le-nouveau-e-mucem-ouvre-ses-portes-2","status":"publish","type":"page","link":"https:\/\/mecaperfpassion.fr\/?page_id=6","title":{"rendered":"R\u00e9fections Moteurs"},"content":{"rendered":"<div data-colibri-id=\"6-c1\" class=\"style-323 style-local-6-c1 position-relative\">\n  <!---->\n  <div data-colibri-component=\"section\" data-colibri-id=\"6-c6\" id=\"custom\" class=\"h-section h-section-global-spacing d-flex align-items-lg-center align-items-md-center align-items-center style-328 style-local-6-c6 position-relative\">\n    <!---->\n    <!---->\n    <div class=\"h-section-grid-container h-section-boxed-container\">\n      <!---->\n      <div data-colibri-id=\"6-c7\" class=\"h-row-container gutters-row-lg-2 gutters-row-md-2 gutters-row-0 gutters-row-v-lg-2 gutters-row-v-md-2 gutters-row-v-2 style-329 style-local-6-c7 position-relative\">\n        <!---->\n        <div class=\"h-row justify-content-lg-center justify-content-md-center justify-content-center align-items-lg-stretch align-items-md-stretch align-items-stretch gutters-col-lg-2 gutters-col-md-2 gutters-col-0 gutters-col-v-lg-2 gutters-col-v-md-2 gutters-col-v-2\">\n          <!---->\n          <div class=\"h-column h-column-container d-flex h-col-lg-auto h-col-md-auto h-col-auto style-330-outer style-local-6-c8-outer\">\n            <div data-colibri-id=\"6-c8\" class=\"d-flex h-flex-basis h-column__inner h-px-lg-2 h-px-md-2 h-px-2 v-inner-lg-2 v-inner-md-2 v-inner-2 style-330 style-local-6-c8 position-relative\">\n              <!---->\n              <!---->\n              <div class=\"w-100 h-y-container h-column__content h-column__v-align flex-basis-100 align-self-lg-start align-self-md-start align-self-start\">\n                <!---->\n                <div data-colibri-id=\"6-c10\" class=\"d-block style-332 style-local-6-c10 position-relative h-element\">\n                  <!---->\n                  <div class=\"h-image__frame-container-outer\">\n                    <div class=\"h-image__frame-container\">\n                      <!---->\n                      <!---->\n                      <img decoding=\"async\" loading=\"lazy\" width=\"2560\" height=\"1920\" src=\"https:\/\/mecaperfpassion.fr\/wp-content\/uploads\/2021\/11\/964-moteur-scaled.jpg\" class=\"wp-image-155 style-332-image style-local-6-c10-image\" srcset=\"https:\/\/mecaperfpassion.fr\/wp-content\/uploads\/2021\/11\/964-moteur-scaled.jpg 2560w, https:\/\/mecaperfpassion.fr\/wp-content\/uploads\/2021\/11\/964-moteur-300x225.jpg 300w, https:\/\/mecaperfpassion.fr\/wp-content\/uploads\/2021\/11\/964-moteur-1024x768.jpg 1024w, https:\/\/mecaperfpassion.fr\/wp-content\/uploads\/2021\/11\/964-moteur-768x576.jpg 768w, https:\/\/mecaperfpassion.fr\/wp-content\/uploads\/2021\/11\/964-moteur-1536x1152.jpg 1536w, https:\/\/mecaperfpassion.fr\/wp-content\/uploads\/2021\/11\/964-moteur-2048x1536.jpg 2048w\" sizes=\"(max-width: 2560px) 100vw, 2560px\" alt=\"\" \/>\n                      <div class=\"h-image__frame h-hide-lg h-hide-md h-hide-sm style-332-frameImage style-local-6-c10-frameImage\"><\/div>\n                    <\/div>\n                    <div class=\"style-332-caption style-local-6-c10-caption\">\n                      Moteur 3.6L de 964: changement goujons + remise au propre\n                    <\/div>\n                  <\/div>\n                <\/div>\n              <\/div>\n            <\/div>\n          <\/div>\n          <div class=\"h-column h-column-container d-flex h-col-lg-auto h-col-md-auto h-col-auto style-331-outer style-local-6-c9-outer\">\n            <div data-colibri-id=\"6-c9\" class=\"d-flex h-flex-basis h-column__inner h-px-lg-2 h-px-md-2 h-px-2 v-inner-lg-2 v-inner-md-2 v-inner-2 style-331 style-local-6-c9 position-relative\">\n              <!---->\n              <!---->\n              <div class=\"w-100 h-y-container h-column__content h-column__v-align flex-basis-100 align-self-lg-start align-self-md-start align-self-start\">\n                <!---->\n                <div data-colibri-id=\"6-c27\" class=\"d-block style-342 style-local-6-c27 position-relative h-element\">\n                  <!---->\n                  <div class=\"h-image__frame-container-outer\">\n                    <div class=\"h-image__frame-container\">\n                      <!---->\n                      <!---->\n                      <img decoding=\"async\" loading=\"lazy\" width=\"2560\" height=\"2049\" src=\"https:\/\/mecaperfpassion.fr\/wp-content\/uploads\/2021\/11\/mini-moteur-scaled.jpg\" class=\"wp-image-253 style-342-image style-local-6-c27-image\" srcset=\"https:\/\/mecaperfpassion.fr\/wp-content\/uploads\/2021\/11\/mini-moteur-scaled.jpg 2560w, https:\/\/mecaperfpassion.fr\/wp-content\/uploads\/2021\/11\/mini-moteur-300x240.jpg 300w, https:\/\/mecaperfpassion.fr\/wp-content\/uploads\/2021\/11\/mini-moteur-1024x819.jpg 1024w, https:\/\/mecaperfpassion.fr\/wp-content\/uploads\/2021\/11\/mini-moteur-768x615.jpg 768w, https:\/\/mecaperfpassion.fr\/wp-content\/uploads\/2021\/11\/mini-moteur-1536x1229.jpg 1536w, https:\/\/mecaperfpassion.fr\/wp-content\/uploads\/2021\/11\/mini-moteur-2048x1639.jpg 2048w\" sizes=\"(max-width: 2560px) 100vw, 2560px\" alt=\"\" \/>\n                      <div class=\"h-image__frame h-hide-lg h-hide-md h-hide-sm style-342-frameImage style-local-6-c27-frameImage\"><\/div>\n                    <\/div>\n                    <div class=\"style-342-caption style-local-6-c27-caption\">\n                      MINI R56 1.6L VVTI\n                    <\/div>\n                  <\/div>\n                <\/div>\n              <\/div>\n            <\/div>\n          <\/div>\n        <\/div>\n      <\/div>\n      <div data-colibri-id=\"6-c22\" class=\"h-row-container gutters-row-lg-2 gutters-row-md-2 gutters-row-0 gutters-row-v-lg-2 gutters-row-v-md-2 gutters-row-v-2 style-344 style-local-6-c22 position-relative\">\n        <!---->\n        <div class=\"h-row justify-content-lg-center justify-content-md-center justify-content-center align-items-lg-stretch align-items-md-stretch align-items-stretch gutters-col-lg-2 gutters-col-md-2 gutters-col-0 gutters-col-v-lg-2 gutters-col-v-md-2 gutters-col-v-2\">\n          <!---->\n          <div class=\"h-column h-column-container d-flex h-col-lg-auto h-col-md-auto h-col-auto style-345-outer style-local-6-c23-outer\">\n            <div data-colibri-id=\"6-c23\" class=\"d-flex h-flex-basis h-column__inner h-px-lg-2 h-px-md-2 h-px-2 v-inner-lg-2 v-inner-md-2 v-inner-2 style-345 style-local-6-c23 position-relative\">\n              <!---->\n              <!---->\n              <div class=\"w-100 h-y-container h-column__content h-column__v-align flex-basis-100 align-self-lg-start align-self-md-start align-self-start\">\n                <!---->\n                <div data-colibri-id=\"6-c24\" class=\"d-block style-337 style-local-6-c24 position-relative h-element\">\n                  <!---->\n                  <div class=\"h-image__frame-container-outer\">\n                    <div class=\"h-image__frame-container\">\n                      <!---->\n                      <!---->\n                      <img decoding=\"async\" loading=\"lazy\" width=\"2560\" height=\"1182\" src=\"https:\/\/mecaperfpassion.fr\/wp-content\/uploads\/2021\/11\/Navara-moteur2-scaled.jpg\" class=\"wp-image-186 style-337-image style-local-6-c24-image\" srcset=\"https:\/\/mecaperfpassion.fr\/wp-content\/uploads\/2021\/11\/Navara-moteur2-scaled.jpg 2560w, https:\/\/mecaperfpassion.fr\/wp-content\/uploads\/2021\/11\/Navara-moteur2-300x139.jpg 300w, https:\/\/mecaperfpassion.fr\/wp-content\/uploads\/2021\/11\/Navara-moteur2-1024x473.jpg 1024w, https:\/\/mecaperfpassion.fr\/wp-content\/uploads\/2021\/11\/Navara-moteur2-768x355.jpg 768w, https:\/\/mecaperfpassion.fr\/wp-content\/uploads\/2021\/11\/Navara-moteur2-1536x709.jpg 1536w, https:\/\/mecaperfpassion.fr\/wp-content\/uploads\/2021\/11\/Navara-moteur2-2048x946.jpg 2048w\" sizes=\"(max-width: 2560px) 100vw, 2560px\" alt=\"\" \/>\n                      <div class=\"h-image__frame h-hide-lg h-hide-md h-hide-sm style-337-frameImage style-local-6-c24-frameImage\"><\/div>\n                    <\/div>\n                    <div class=\"style-337-caption style-local-6-c24-caption\">\n                      NISSAN Navara 2006: Reconstruction du moteur suite \u00e0 une bielle coul\u00e9e\n                    <\/div>\n                  <\/div>\n                <\/div>\n              <\/div>\n            <\/div>\n          <\/div>\n        <\/div>\n      <\/div>\n      <div data-colibri-id=\"6-c12\" class=\"h-row-container gutters-row-lg-2 gutters-row-md-2 gutters-row-0 gutters-row-v-lg-2 gutters-row-v-md-2 gutters-row-v-2 style-334 style-local-6-c12 position-relative\">\n        <!---->\n        <div class=\"h-row justify-content-lg-center justify-content-md-center justify-content-center align-items-lg-stretch align-items-md-stretch align-items-stretch gutters-col-lg-2 gutters-col-md-2 gutters-col-0 gutters-col-v-lg-2 gutters-col-v-md-2 gutters-col-v-2\">\n          <!---->\n          <div class=\"h-column h-column-container d-flex h-col-lg-auto h-col-md-auto h-col-auto style-335-outer style-local-6-c13-outer\">\n            <div data-colibri-id=\"6-c13\" class=\"d-flex h-flex-basis h-column__inner h-px-lg-2 h-px-md-2 h-px-2 v-inner-lg-2 v-inner-md-2 v-inner-2 style-335 style-local-6-c13 position-relative\">\n              <!---->\n              <!---->\n              <div class=\"w-100 h-y-container h-column__content h-column__v-align flex-basis-100 align-self-lg-start align-self-md-start align-self-start\">\n                <!---->\n                <div data-colibri-id=\"6-c11\" class=\"d-block style-333 style-local-6-c11 position-relative h-element\">\n                  <!---->\n                  <div class=\"h-image__frame-container-outer\">\n                    <div class=\"h-image__frame-container\">\n                      <!---->\n                      <!---->\n                      <img decoding=\"async\" loading=\"lazy\" width=\"1182\" height=\"2560\" src=\"https:\/\/mecaperfpassion.fr\/wp-content\/uploads\/2021\/11\/Moteur-1.4-TSI-scaled.jpg\" class=\"wp-image-158 style-333-image style-local-6-c11-image\" srcset=\"https:\/\/mecaperfpassion.fr\/wp-content\/uploads\/2021\/11\/Moteur-1.4-TSI-scaled.jpg 1182w, https:\/\/mecaperfpassion.fr\/wp-content\/uploads\/2021\/11\/Moteur-1.4-TSI-139x300.jpg 139w, https:\/\/mecaperfpassion.fr\/wp-content\/uploads\/2021\/11\/Moteur-1.4-TSI-473x1024.jpg 473w, https:\/\/mecaperfpassion.fr\/wp-content\/uploads\/2021\/11\/Moteur-1.4-TSI-768x1663.jpg 768w, https:\/\/mecaperfpassion.fr\/wp-content\/uploads\/2021\/11\/Moteur-1.4-TSI-709x1536.jpg 709w, https:\/\/mecaperfpassion.fr\/wp-content\/uploads\/2021\/11\/Moteur-1.4-TSI-946x2048.jpg 946w\" sizes=\"(max-width: 1182px) 100vw, 1182px\" alt=\"\" \/>\n                      <div class=\"h-image__frame h-hide-lg h-hide-md h-hide-sm style-333-frameImage style-local-6-c11-frameImage\"><\/div>\n                    <\/div>\n                    <div class=\"style-333-caption style-local-6-c11-caption\">\n                      1.4L TSI 140 ch: V\u00e9rification des soupapes et changement du kit distribution suite \u00e0 d\u00e9calage d\u00f9 \u00e0 l&#8217;allongement de la chaine\n                    <\/div>\n                  <\/div>\n                <\/div>\n              <\/div>\n            <\/div>\n          <\/div>\n          <div class=\"h-column h-column-container d-flex h-col-lg-auto h-col-md-auto h-col-auto style-336-outer style-local-6-c14-outer\">\n            <div data-colibri-id=\"6-c14\" class=\"d-flex h-flex-basis h-column__inner h-px-lg-2 h-px-md-2 h-px-2 v-inner-lg-2 v-inner-md-2 v-inner-2 style-336 style-local-6-c14 position-relative\">\n              <!---->\n              <!---->\n              <div class=\"w-100 h-y-container h-column__content h-column__v-align flex-basis-100 align-self-lg-start align-self-md-start align-self-start\">\n                <!---->\n                <div data-colibri-id=\"6-c16\" class=\"d-block style-338 style-local-6-c16 position-relative h-element\">\n                  <!---->\n                  <div class=\"h-image__frame-container-outer\">\n                    <div class=\"h-image__frame-container\">\n                      <!---->\n                      <!---->\n                      <img decoding=\"async\" loading=\"lazy\" width=\"1182\" height=\"2560\" src=\"https:\/\/mecaperfpassion.fr\/wp-content\/uploads\/2021\/11\/Navara-moteur-scaled.jpg\" class=\"wp-image-185 style-338-image style-local-6-c16-image\" srcset=\"https:\/\/mecaperfpassion.fr\/wp-content\/uploads\/2021\/11\/Navara-moteur-scaled.jpg 1182w, https:\/\/mecaperfpassion.fr\/wp-content\/uploads\/2021\/11\/Navara-moteur-139x300.jpg 139w, https:\/\/mecaperfpassion.fr\/wp-content\/uploads\/2021\/11\/Navara-moteur-473x1024.jpg 473w, https:\/\/mecaperfpassion.fr\/wp-content\/uploads\/2021\/11\/Navara-moteur-768x1663.jpg 768w, https:\/\/mecaperfpassion.fr\/wp-content\/uploads\/2021\/11\/Navara-moteur-709x1536.jpg 709w, https:\/\/mecaperfpassion.fr\/wp-content\/uploads\/2021\/11\/Navara-moteur-946x2048.jpg 946w\" sizes=\"(max-width: 1182px) 100vw, 1182px\" alt=\"\" \/>\n                      <div class=\"h-image__frame h-hide-lg h-hide-md h-hide-sm style-338-frameImage style-local-6-c16-frameImage\"><\/div>\n                    <\/div>\n                    <div class=\"style-338-caption style-local-6-c16-caption\">\n                      Remplacement moteur Nissan Pathfinder\n                    <\/div>\n                  <\/div>\n                <\/div>\n              <\/div>\n            <\/div>\n          <\/div>\n        <\/div>\n      <\/div>\n      <div data-colibri-id=\"6-c25\" class=\"h-row-container gutters-row-lg-2 gutters-row-md-2 gutters-row-0 gutters-row-v-lg-2 gutters-row-v-md-2 gutters-row-v-2 style-346 style-local-6-c25 position-relative\">\n        <!---->\n        <div class=\"h-row justify-content-lg-center justify-content-md-center justify-content-center align-items-lg-stretch align-items-md-stretch align-items-stretch gutters-col-lg-2 gutters-col-md-2 gutters-col-0 gutters-col-v-lg-2 gutters-col-v-md-2 gutters-col-v-2\">\n          <!---->\n          <div class=\"h-column h-column-container d-flex h-col-lg-auto h-col-md-auto h-col-auto style-347-outer style-local-6-c26-outer\">\n            <div data-colibri-id=\"6-c26\" class=\"d-flex h-flex-basis h-column__inner h-ui-empty-state-container h-px-lg-2 h-px-md-2 h-px-2 v-inner-lg-2 v-inner-md-2 v-inner-2 style-347 style-local-6-c26 position-relative\">\n              <!---->\n              <!---->\n              <div class=\"w-100 h-y-container h-column__content h-column__v-align flex-basis-100\">\n                <!---->\n              <\/div>\n            <\/div>\n          <\/div>\n        <\/div>\n      <\/div>\n      <div data-colibri-id=\"6-c17\" class=\"h-row-container gutters-row-lg-2 gutters-row-md-2 gutters-row-0 gutters-row-v-lg-2 gutters-row-v-md-2 gutters-row-v-2 style-339 style-local-6-c17 position-relative\">\n        <!---->\n        <div class=\"h-row justify-content-lg-center justify-content-md-center justify-content-center align-items-lg-stretch align-items-md-stretch align-items-stretch gutters-col-lg-2 gutters-col-md-2 gutters-col-0 gutters-col-v-lg-2 gutters-col-v-md-2 gutters-col-v-2\">\n          <!---->\n          <div class=\"h-column h-column-container d-flex h-col-lg-auto h-col-md-auto h-col-auto style-340-outer style-local-6-c18-outer\">\n            <div data-colibri-id=\"6-c18\" class=\"d-flex h-flex-basis h-column__inner h-px-lg-2 h-px-md-2 h-px-2 v-inner-lg-2 v-inner-md-2 v-inner-2 style-340 style-local-6-c18 position-relative\">\n              <!---->\n              <!---->\n              <div class=\"w-100 h-y-container h-column__content h-column__v-align flex-basis-100 align-self-lg-start align-self-md-start align-self-start\">\n                <!---->\n                <div data-colibri-id=\"6-c28\" class=\"d-block style-348 style-local-6-c28 position-relative h-element\">\n                  <!---->\n                  <div class=\"h-image__frame-container-outer\">\n                    <div class=\"h-image__frame-container\">\n                      <!---->\n                      <!---->\n                      <img decoding=\"async\" loading=\"lazy\" width=\"1182\" height=\"2560\" src=\"https:\/\/mecaperfpassion.fr\/wp-content\/uploads\/2022\/10\/20220711_173608-scaled.jpg\" class=\"wp-image-381 style-348-image style-local-6-c28-image\" srcset=\"https:\/\/mecaperfpassion.fr\/wp-content\/uploads\/2022\/10\/20220711_173608-scaled.jpg 1182w, https:\/\/mecaperfpassion.fr\/wp-content\/uploads\/2022\/10\/20220711_173608-139x300.jpg 139w, https:\/\/mecaperfpassion.fr\/wp-content\/uploads\/2022\/10\/20220711_173608-473x1024.jpg 473w, https:\/\/mecaperfpassion.fr\/wp-content\/uploads\/2022\/10\/20220711_173608-768x1663.jpg 768w, https:\/\/mecaperfpassion.fr\/wp-content\/uploads\/2022\/10\/20220711_173608-709x1536.jpg 709w, https:\/\/mecaperfpassion.fr\/wp-content\/uploads\/2022\/10\/20220711_173608-946x2048.jpg 946w\" sizes=\"(max-width: 1182px) 100vw, 1182px\" alt=\"\" \/>\n                      <div class=\"h-image__frame h-hide-lg h-hide-md h-hide-sm style-348-frameImage style-local-6-c28-frameImage\"><\/div>\n                    <\/div>\n                    <div class=\"style-348-caption style-local-6-c28-caption\">\n                      Refection boite E46 328i\n                    <\/div>\n                  <\/div>\n                <\/div>\n              <\/div>\n            <\/div>\n          <\/div>\n          <div class=\"h-column h-column-container d-flex h-col-lg-auto h-col-md-auto h-col-auto style-341-outer style-local-6-c19-outer\">\n            <div data-colibri-id=\"6-c19\" class=\"d-flex h-flex-basis h-column__inner h-px-lg-2 h-px-md-2 h-px-2 v-inner-lg-2 v-inner-md-2 v-inner-2 style-341 style-local-6-c19 position-relative\">\n              <!---->\n              <!---->\n              <div class=\"w-100 h-y-container h-column__content h-column__v-align flex-basis-100 align-self-lg-start align-self-md-start align-self-start\">\n                <!---->\n                <div data-colibri-id=\"6-c21\" class=\"d-block style-343 style-local-6-c21 position-relative h-element\">\n                  <!---->\n                  <div class=\"h-image__frame-container-outer\">\n                    <div class=\"h-image__frame-container\">\n                      <!---->\n                      <!---->\n                      <img decoding=\"async\" loading=\"lazy\" width=\"1182\" height=\"2560\" src=\"https:\/\/mecaperfpassion.fr\/wp-content\/uploads\/2022\/10\/20210331_172159-scaled.jpg\" class=\"wp-image-375 style-343-image style-local-6-c21-image\" srcset=\"https:\/\/mecaperfpassion.fr\/wp-content\/uploads\/2022\/10\/20210331_172159-scaled.jpg 1182w, https:\/\/mecaperfpassion.fr\/wp-content\/uploads\/2022\/10\/20210331_172159-139x300.jpg 139w, https:\/\/mecaperfpassion.fr\/wp-content\/uploads\/2022\/10\/20210331_172159-473x1024.jpg 473w, https:\/\/mecaperfpassion.fr\/wp-content\/uploads\/2022\/10\/20210331_172159-768x1663.jpg 768w, https:\/\/mecaperfpassion.fr\/wp-content\/uploads\/2022\/10\/20210331_172159-709x1536.jpg 709w, https:\/\/mecaperfpassion.fr\/wp-content\/uploads\/2022\/10\/20210331_172159-946x2048.jpg 946w\" sizes=\"(max-width: 1182px) 100vw, 1182px\" alt=\"\" \/>\n                      <div class=\"h-image__frame h-hide-lg h-hide-md h-hide-sm style-343-frameImage style-local-6-c21-frameImage\"><\/div>\n                    <\/div>\n                    <div class=\"style-343-caption style-local-6-c21-caption\">\n                      YD25DDTI Remontage\n                    <\/div>\n                  <\/div>\n                <\/div>\n              <\/div>\n            <\/div>\n          <\/div>\n        <\/div>\n      <\/div>\n    <\/div>\n  <\/div>\n<\/div>","protected":false},"excerpt":{"rendered":"<p>Moteur 3.6L de 964: changement goujons + remise au propre MINI R56 1.6L VVTI NISSAN Navara 2006: Reconstruction du moteur suite \u00e0 une bielle coul\u00e9e 1.4L TSI 140 ch: V\u00e9rification des soupapes et changement du kit distribution suite \u00e0 d\u00e9calage d\u00f9 \u00e0 l&#8217;allongement de la chaine Remplacement moteur Nissan Pathfinder Refection boite E46 328i YD25DDTI [&hellip;]<\/p>\n","protected":false},"author":1,"featured_media":155,"parent":0,"menu_order":0,"comment_status":"closed","ping_status":"closed","template":"page-templates\/full-width-page.php","meta":{"footnotes":""},"_links":{"self":[{"href":"https:\/\/mecaperfpassion.fr\/index.php?rest_route=\/wp\/v2\/pages\/6"}],"collection":[{"href":"https:\/\/mecaperfpassion.fr\/index.php?rest_route=\/wp\/v2\/pages"}],"about":[{"href":"https:\/\/mecaperfpassion.fr\/index.php?rest_route=\/wp\/v2\/types\/page"}],"author":[{"embeddable":true,"href":"https:\/\/mecaperfpassion.fr\/index.php?rest_route=\/wp\/v2\/users\/1"}],"replies":[{"embeddable":true,"href":"https:\/\/mecaperfpassion.fr\/index.php?rest_route=%2Fwp%2Fv2%2Fcomments&post=6"}],"version-history":[{"count":7,"href":"https:\/\/mecaperfpassion.fr\/index.php?rest_route=\/wp\/v2\/pages\/6\/revisions"}],"predecessor-version":[{"id":432,"href":"https:\/\/mecaperfpassion.fr\/index.php?rest_route=\/wp\/v2\/pages\/6\/revisions\/432"}],"wp:featuredmedia":[{"embeddable":true,"href":"https:\/\/mecaperfpassion.fr\/index.php?rest_route=\/wp\/v2\/media\/155"}],"wp:attachment":[{"href":"https:\/\/mecaperfpassion.fr\/index.php?rest_route=%2Fwp%2Fv2%2Fmedia&parent=6"}],"curies":[{"name":"wp","href":"https:\/\/api.w.org\/{rel}","templated":true}]}}