{"id":7,"date":"2021-11-02T18:36:37","date_gmt":"2021-11-02T17:36:37","guid":{"rendered":"http:\/\/mecaperfpassion.fr\/?page_id=7"},"modified":"2022-10-17T20:44:15","modified_gmt":"2022-10-17T18:44:15","slug":"a-propos-de","status":"publish","type":"page","link":"https:\/\/mecaperfpassion.fr\/?page_id=7","title":{"rendered":"\u00c0 propos de"},"content":{"rendered":"<div data-colibri-id=\"7-c1\" class=\"style-360 style-local-7-c1 position-relative\">\n  <!---->\n  <div data-colibri-component=\"section\" data-colibri-id=\"7-c2\" id=\"initial-content\" class=\"h-section h-section-global-spacing d-flex align-items-lg-center align-items-md-center align-items-center style-361 style-local-7-c2 position-relative\">\n    <!---->\n    <!---->\n    <div class=\"h-section-grid-container h-section-boxed-container\">\n      <!---->\n      <div data-colibri-id=\"7-c3\" class=\"h-row-container gutters-row-lg-2 gutters-row-md-2 gutters-row-0 gutters-row-v-lg-2 gutters-row-v-md-2 gutters-row-v-2 style-362 style-local-7-c3 position-relative\">\n        <!---->\n        <div class=\"h-row justify-content-lg-center justify-content-md-center justify-content-center align-items-lg-stretch align-items-md-stretch align-items-stretch gutters-col-lg-2 gutters-col-md-2 gutters-col-0 gutters-col-v-lg-2 gutters-col-v-md-2 gutters-col-v-2\">\n          <!---->\n          <div class=\"h-column h-column-container d-flex h-col-lg-auto h-col-md-auto h-col-auto style-363-outer style-local-7-c4-outer\">\n            <div data-colibri-id=\"7-c4\" class=\"d-flex h-flex-basis h-column__inner h-px-lg-2 h-px-md-2 h-px-2 v-inner-lg-2 v-inner-md-2 v-inner-2 style-363 style-local-7-c4 position-relative\">\n              <!---->\n              <!---->\n              <div class=\"w-100 h-y-container h-column__content h-column__v-align flex-basis-100 align-self-lg-start align-self-md-start align-self-start\">\n                <!---->\n                <div data-colibri-id=\"7-c16\" class=\"h-text h-text-component style-374 style-local-7-c16 position-relative h-element\">\n                  <!---->\n                  <!---->\n                  <div class=\"\">\n                    <p>Passionn\u00e9 de belles m\u00e9caniques depuis de nombreuses ann\u00e9es et apr\u00e9s avoir entretenu et modifi\u00e9 moi-meme mes v\u00e9hicules depuis plus de trente ans, je me suis enfin lanc\u00e9 pour ouvrir mon garage.<\/p>\n                    <p>Et les chiens ne faisant pas des chats, mon fils \u00e9tant tout aussi passionn\u00e9 que moi (surtout de japonnaises) m&#8217;accompagne dans cette aventure.<\/p>\n                    <p>De l&#8217;entretien classique sur votre v\u00e9hicule de tous les jours, ou sur votre YoungTimer que vous bichonnez au fond de votre garage, \u00e0 la restauration moteur en passant par la pr\u00e9paration 4&#215;4, le garage M\u00e9caPerfPassion se fera un plaisir\n                      de vous acceuillir pour discuter de votre besoin.<\/p>\n                    <p>Et \u00e0 nos heures perdues, nous sommes \u00e9galement m\u00e9caniciens depuis plusieurs ann\u00e9es au sein de l&#8217;association &#8216;Objectif Dunes&#8217; sur deux buggys en Rallye Raid sur des courses FIA comptant pour la coupe du monde.\n                      <br>\n                    <\/p>\n                  <\/div>\n                <\/div>\n              <\/div>\n            <\/div>\n          <\/div>\n        <\/div>\n      <\/div>\n      <div data-colibri-id=\"7-c17\" class=\"h-row-container gutters-row-lg-2 gutters-row-md-2 gutters-row-0 gutters-row-v-lg-2 gutters-row-v-md-2 gutters-row-v-2 style-375 style-local-7-c17 position-relative\">\n        <!---->\n        <div class=\"h-row justify-content-lg-center justify-content-md-center justify-content-center align-items-lg-stretch align-items-md-stretch align-items-stretch gutters-col-lg-2 gutters-col-md-2 gutters-col-0 gutters-col-v-lg-2 gutters-col-v-md-2 gutters-col-v-2\">\n          <!---->\n          <div class=\"h-column h-column-container d-flex h-col-lg-auto h-col-md-auto h-col-auto style-376-outer style-local-7-c18-outer\">\n            <div data-colibri-id=\"7-c18\" class=\"d-flex h-flex-basis h-column__inner h-px-lg-2 h-px-md-2 h-px-2 v-inner-lg-2 v-inner-md-2 v-inner-2 style-376 style-local-7-c18 position-relative\">\n              <!---->\n              <!---->\n              <div class=\"w-100 h-y-container h-column__content h-column__v-align flex-basis-100 align-self-lg-start align-self-md-start align-self-start\">\n                <!---->\n                <div data-colibri-id=\"7-c20\" class=\"d-block style-378 style-local-7-c20 position-relative h-element\">\n                  <!---->\n                  <div class=\"h-image__frame-container-outer\">\n                    <div class=\"h-image__frame-container\">\n                      <!---->\n                      <!---->\n                      <img decoding=\"async\" loading=\"lazy\" width=\"2560\" height=\"1182\" src=\"https:\/\/mecaperfpassion.fr\/wp-content\/uploads\/2022\/10\/20200119_122208-scaled.jpg\" class=\"wp-image-453 style-378-image style-local-7-c20-image\" srcset=\"https:\/\/mecaperfpassion.fr\/wp-content\/uploads\/2022\/10\/20200119_122208-scaled.jpg 2560w, https:\/\/mecaperfpassion.fr\/wp-content\/uploads\/2022\/10\/20200119_122208-300x139.jpg 300w, https:\/\/mecaperfpassion.fr\/wp-content\/uploads\/2022\/10\/20200119_122208-1024x473.jpg 1024w, https:\/\/mecaperfpassion.fr\/wp-content\/uploads\/2022\/10\/20200119_122208-768x355.jpg 768w, https:\/\/mecaperfpassion.fr\/wp-content\/uploads\/2022\/10\/20200119_122208-1536x709.jpg 1536w, https:\/\/mecaperfpassion.fr\/wp-content\/uploads\/2022\/10\/20200119_122208-2048x946.jpg 2048w\" sizes=\"(max-width: 2560px) 100vw, 2560px\" alt=\"\" \/>\n                      <div class=\"h-image__frame h-hide-lg h-hide-md h-hide-sm style-378-frameImage style-local-7-c20-frameImage\"><\/div>\n                    <\/div>\n                  <\/div>\n                <\/div>\n              <\/div>\n            <\/div>\n          <\/div>\n        <\/div>\n      <\/div>\n      <div data-colibri-id=\"7-c21\" class=\"h-row-container gutters-row-lg-2 gutters-row-md-2 gutters-row-0 gutters-row-v-lg-2 gutters-row-v-md-2 gutters-row-v-2 style-379 style-local-7-c21 position-relative\">\n        <!---->\n        <div class=\"h-row justify-content-lg-center justify-content-md-center justify-content-center align-items-lg-stretch align-items-md-stretch align-items-stretch gutters-col-lg-2 gutters-col-md-2 gutters-col-0 gutters-col-v-lg-2 gutters-col-v-md-2 gutters-col-v-2\">\n          <!---->\n          <div class=\"h-column h-column-container d-flex h-col-lg-auto h-col-md-auto h-col-auto style-380-outer style-local-7-c22-outer\">\n            <div data-colibri-id=\"7-c22\" class=\"d-flex h-flex-basis h-column__inner h-px-lg-2 h-px-md-2 h-px-2 v-inner-lg-2 v-inner-md-2 v-inner-2 style-380 style-local-7-c22 position-relative\">\n              <!---->\n              <!---->\n              <div class=\"w-100 h-y-container h-column__content h-column__v-align flex-basis-100 align-self-lg-start align-self-md-start align-self-start\">\n                <!---->\n                <div data-colibri-id=\"7-c24\" class=\"h-text h-text-component style-382 style-local-7-c24 position-relative h-element\">\n                  <!---->\n                  <!---->\n                  <div class=\"\">\n                    <p>D&#8217;ailleurs si vous etes int\u00e9ress\u00e9s pour partager nos aventures, allez faire un tour ici:\n                      <br>\n                    <\/p>\n                  <\/div>\n                <\/div>\n                <div data-colibri-id=\"7-c28\" class=\"h-x-container style-386 style-local-7-c28 position-relative h-element\">\n                  <!---->\n                  <div class=\"h-x-container-inner style-dynamic-7-c28-group style-386-spacing style-local-7-c28-spacing\"><span class=\"h-link__outer style-387-outer style-local-7-c29-outer d-inline-flex h-element\"><a h-use-smooth-scroll=\"true\" href=\"http:\/\/odx2.com\/ \"  data-colibri-id=\"7-c29\" class=\"d-flex w-100 align-items-center h-link style-387 style-local-7-c29 position-relative\"><!----><!----> <span>odx2<\/span><\/a>\n                    <\/span>\n                  <\/div>\n                <\/div>\n                <div data-colibri-id=\"7-c30\" class=\"h-x-container style-388 style-local-7-c30 position-relative h-element\">\n                  <!---->\n                  <div class=\"h-x-container-inner style-dynamic-7-c30-group style-388-spacing style-local-7-c30-spacing\"><span class=\"h-link__outer style-389-outer style-local-7-c31-outer d-inline-flex h-element\"><a h-use-smooth-scroll=\"true\" href=\"https:\/\/www.facebook.com\/teamobjectifdunes\/\"  data-colibri-id=\"7-c31\" class=\"d-flex w-100 align-items-center h-link style-389 style-local-7-c31 position-relative\"><!----><!----> <span>OD sur Facebook<\/span><\/a>\n                    <\/span>\n                  <\/div>\n                <\/div>\n              <\/div>\n            <\/div>\n          <\/div>\n        <\/div>\n      <\/div>\n    <\/div>\n  <\/div>\n<\/div>","protected":false},"excerpt":{"rendered":"<p>Passionn\u00e9 de belles m\u00e9caniques depuis de nombreuses ann\u00e9es et apr\u00e9s avoir entretenu et modifi\u00e9 moi-meme mes v\u00e9hicules depuis plus de trente ans, je me suis enfin lanc\u00e9 pour ouvrir mon garage. Et les chiens ne faisant pas des chats, mon fils \u00e9tant tout aussi passionn\u00e9 que moi (surtout de japonnaises) m&#8217;accompagne dans cette aventure. De [&hellip;]<\/p>\n","protected":false},"author":1,"featured_media":0,"parent":0,"menu_order":0,"comment_status":"closed","ping_status":"closed","template":"page-templates\/full-width-page.php","meta":{"footnotes":""},"_links":{"self":[{"href":"https:\/\/mecaperfpassion.fr\/index.php?rest_route=\/wp\/v2\/pages\/7"}],"collection":[{"href":"https:\/\/mecaperfpassion.fr\/index.php?rest_route=\/wp\/v2\/pages"}],"about":[{"href":"https:\/\/mecaperfpassion.fr\/index.php?rest_route=\/wp\/v2\/types\/page"}],"author":[{"embeddable":true,"href":"https:\/\/mecaperfpassion.fr\/index.php?rest_route=\/wp\/v2\/users\/1"}],"replies":[{"embeddable":true,"href":"https:\/\/mecaperfpassion.fr\/index.php?rest_route=%2Fwp%2Fv2%2Fcomments&post=7"}],"version-history":[{"count":8,"href":"https:\/\/mecaperfpassion.fr\/index.php?rest_route=\/wp\/v2\/pages\/7\/revisions"}],"predecessor-version":[{"id":469,"href":"https:\/\/mecaperfpassion.fr\/index.php?rest_route=\/wp\/v2\/pages\/7\/revisions\/469"}],"wp:attachment":[{"href":"https:\/\/mecaperfpassion.fr\/index.php?rest_route=%2Fwp%2Fv2%2Fmedia&parent=7"}],"curies":[{"name":"wp","href":"https:\/\/api.w.org\/{rel}","templated":true}]}}